{"id":5976,"date":"2025-03-20T22:15:30","date_gmt":"2025-03-20T20:15:30","guid":{"rendered":"https:\/\/ecolodgeselvitelle.eu\/termini-e-condizioni-generali\/"},"modified":"2025-03-26T12:23:43","modified_gmt":"2025-03-26T10:23:43","slug":"termini-e-condizioni-generali","status":"publish","type":"page","link":"https:\/\/ecolodgeselvitelle.com\/it\/termini-e-condizioni-generali\/","title":{"rendered":"Termini e condizioni generali"},"content":{"rendered":"<h3>Termini e condizioni generali<\/h3>\n<p><strong>Articolo 1 &#8211; Termini introduttivi<\/strong><\/p>\n<ol>\n<li>I presenti termini e condizioni generali si applicano a tutte le prenotazioni presso l&#8217;Ecolodge Selvitelle.<\/li>\n<li>Per locatore si intende il gestore di Ecolodge Selvitelle, rappresentato legalmente dalla signora L. Daube.<\/li>\n<li>Per contratto di locazione si intende il contratto con il quale il locatore si impegna nei confronti del conduttore a fornire un soggiorno da lui offerto in un appartamento di propriet\u00e0 di Ecolodge Selvitelle, situato in Contrada Selvitelle no. 6, 84053 a Cicerale, (SA), Italia.<\/li>\n<li>Per inquilino si intende anche locatario, affittuario e locatario.<\/li>\n<li>Per affitto si intende il prezzo di locazione di un monolocale. Include l&#8217;uso di biancheria, asciugamani (da bagno), gas, acqua, elettricit\u00e0 e wifi. I costi per la pulizia finale saranno addebitati separatamente.  <\/li>\n<\/ol>\n<p><strong>Articolo 2 &#8211; Formazione del contratto di locazione &#8211; domanda e prenotazione<\/strong><\/p>\n<ol>\n<li>La richiesta di prenotazione di uno studio pu\u00f2 essere effettuata via e-mail, tramite il modulo di prenotazione sul sito web, per telefono o tramite un&#8217;agenzia di viaggi online.<\/li>\n<li>Se la richiesta viene effettuata via e-mail o per telefono, il locatario dovr\u00e0 fornire al locatore le stesse informazioni richieste nel modulo di prenotazione sul sito web, compresi i nomi delle persone che utilizzeranno l&#8217;appartamento. L&#8217;alloggio affittato \u00e8 destinato esclusivamente a queste persone. <\/li>\n<li>Se l&#8217;appartamento \u00e8 disponibile e l&#8217;inquilino desidera effettuare una prenotazione, questa sar\u00e0 confermata dal padrone di casa via e-mail con una conferma di prenotazione.<\/li>\n<li>Il contratto di locazione viene stipulato con la conferma di prenotazione di cui all&#8217;articolo 3. Con essa l&#8217;affittuario accetta anche le presenti Condizioni Generali per s\u00e9 e per i suoi compagni di viaggio. <\/li>\n<\/ol>\n<p><strong>Articolo 3 &#8211; Stagione, periodo di locazione e tariffe<\/strong><\/p>\n<ol>\n<li>I mesi di apertura dell&#8217;Ecolodge Selvitelle sono indicati sul sito web www.ecolodgeselvitelle.com. Anche i periodi di bassa, media e alta stagione, le tariffe di affitto e i periodi minimi di affitto sono indicati qui. <\/li>\n<li>I prezzi di affitto indicati sono in euro e includono l&#8217;IVA e l&#8217;uso di biancheria, asciugamani (da bagno), gas, acqua, elettricit\u00e0 e wifi. I costi per la pulizia finale sono addebitati separatamente. <\/li>\n<li>In bassa e media stagione il soggiorno minimo \u00e8 di 5 notti. In alta stagione gli appartamenti vengono affittati (in linea di massima) per almeno una settimana (7 notti). Il proprietario \u00e8 libero di discostarsene.  <\/li>\n<\/ol>\n<p><strong>Articolo 4 &#8211; Arrivo e partenza<\/strong><\/p>\n<ol>\n<li>All&#8217;arrivo, l&#8217;inquilino deve essere in possesso di un passaporto o di una carta d&#8217;identit\u00e0 validi. Una copia di questo documento verr\u00e0 fatta sul posto; ci\u00f2 \u00e8 richiesto dalla legge italiana. <\/li>\n<li>All&#8217;arrivo la chiave dell&#8217;alloggio sar\u00e0 data in prestito al locatario dal locatore. La chiave rimane di propriet\u00e0 del locatore. In caso di smarrimento della chiave, i costi di sostituzione della serratura\/chiave saranno addebitati al locatario.  <\/li>\n<li>L&#8217;appartamento in affitto pu\u00f2 essere occupato, sia in alta che in media e bassa stagione, il giorno di arrivo tra le 15.00 e le 22.00 (prima o dopo su richiesta).<\/li>\n<li>L&#8217;immobile affittato deve essere lasciato libero dall&#8217;inquilino il giorno della partenza alle ore 12:00 al pi\u00f9 tardi nei periodi di alta, media e bassa stagione. La propriet\u00e0 affittata deve essere consegnata in conformit\u00e0 con l&#8217;articolo 7 (pulizia finale). <\/li>\n<li>Se l&#8217;orario di partenza viene superato, potrebbe essere addebitato un giorno in pi\u00f9 di affitto.<\/li>\n<\/ol>\n<p><strong>Articolo 5 &#8211; Pagamento<\/strong><\/p>\n<ol>\n<li>Al pi\u00f9 tardi 4 settimane prima della data di arrivo, il locatore invier\u00e0 al locatario una fattura per l&#8217;importo dell&#8217;affitto via e-mail. Il locatario deve assicurarsi che l&#8217;importo sia accreditato sul conto del locatore prima dell&#8217;arrivo. <\/li>\n<li>Se l&#8217;affitto di cui al paragrafo 1 non viene pagato prima dell&#8217;arrivo, l&#8217;inquilino \u00e8 tenuto a pagare l&#8217;importo in contanti all&#8217;arrivo. In caso contrario, il proprietario si riserva il diritto di annullare il contratto, di negare l&#8217;accesso all&#8217;inquilino e di addebitare la tassa di cancellazione, come descritto nell&#8217;articolo 8 delle presenti condizioni. <\/li>\n<li>I costi per i servizi e\/o i prodotti consegnati da Ecolodge Selvitelle all&#8217;inquilino in loco devono essere pagati in loco e in contanti dall&#8217;inquilino, al pi\u00f9 tardi il giorno della partenza.<\/li>\n<\/ol>\n<p><strong>Articolo 6 &#8211; Solo adulti \/ niente bambini, obblighi dell&#8217;inquilino, disturbo e animali domestici<\/strong><\/p>\n<ol>\n<li>L&#8217;Ecolodge Selvitelle adotta il concetto &#8220;solo adulti \/ niente bambini&#8221;. Ci\u00f2 significa che gli ospiti devono essere adulti (18 anni o pi\u00f9) e\/o comportarsi come tali. <\/li>\n<li>L&#8217;inquilino deve sempre comportarsi come un buon padre di famiglia ed evitare di arrecare fastidio e\/o disturbo (nel senso pi\u00f9 ampio del termine) agli altri inquilini e ai gestori di Ecolodge Selvitelle.<\/li>\n<li>L&#8217;inquilino che causa un fastidio o un disagio tale da ostacolare fortemente la buona esecuzione del contratto di locazione, pu\u00f2 essere escluso dal locatore dalla (continuazione della) locazione. Tutti i costi che ne derivano saranno a carico dell&#8217;inquilino, se e nella misura in cui le conseguenze del disturbo possono essere ragionevolmente attribuite a lui. <\/li>\n<li>L&#8217;Ecolodge Selvitelle si rivolge in particolare alle persone che desiderano la pace e la tranquillit\u00e0 nella loro vacanza; tra le 24.00 e le 08.00 vige il riposo notturno: \u00e8 vietato suonare musica (all&#8217;esterno o all&#8217;interno) o fare altri rumori che possano arrecare fastidio agli altri inquilini.<\/li>\n<li>Non sono ammessi comportamenti offensivi (nel senso pi\u00f9 ampio del termine). Questo include, ma non si limita a: urla, nudit\u00e0 e comportamenti inappropriati dovuti al consumo di alcol. <\/li>\n<li>All&#8217;interno delle mura (degli edifici) dell&#8217;Ecolodge Selvitelle non \u00e8 consentito fumare.<\/li>\n<li>Gli animali domestici non sono ammessi.<\/li>\n<\/ol>\n<p><strong>Articolo 7 &#8211; Pulizia finale<\/strong><\/p>\n<ol>\n<li>L&#8217;inquilino deve lasciare l&#8217;alloggio &#8220;pulito&#8221;. I mobili spostati devono essere rimessi al loro posto. Tutti gli oggetti e le stoviglie devono essere riportati puliti e ordinati al loro posto. Se gli oggetti sono rotti o danneggiati, devono essere segnalati al locatore prima della partenza, in modo che possano essere integrati o riparati.   <\/li>\n<li>Durante la pulizia finale da parte del locatore verr\u00e0 registrato lo stato dell&#8217;appartamento. Se non vengono segnalati danni o se non viene data risposta alle disposizioni dell&#8217;articolo 1, il locatore ha il diritto di addebitare all&#8217;inquilino costi aggiuntivi. <\/li>\n<\/ol>\n<p><strong>Articolo 8 &#8211; Cancellazione da parte dell&#8217;inquilino<\/strong><\/p>\n<ol>\n<li>La cancellazione da parte dell&#8217;affittuario deve essere notificata al locatore tramite e-mail con conferma di ricezione.<\/li>\n<li>Dopo aver ricevuto questa cancellazione via e-mail con conferma di ricezione, il locatore invier\u00e0 una conferma separata della cancellazione via e-mail il prima possibile. Solo in questo caso si tratta di una cancellazione legalmente valida. <\/li>\n<li>In caso di cancellazione fino a 8 settimane prima dell&#8217;inizio del periodo di affitto, il locatore addebiter\u00e0 il 25% dell&#8217;importo totale dell&#8217;affitto; in caso di cancellazione tra le 8 e le 4 settimane prima dell&#8217;inizio del periodo di affitto, il locatore addebiter\u00e0 il 50% dell&#8217;importo totale dell&#8217;affitto e in caso di cancellazione meno di 4 settimane prima dell&#8217;inizio del periodo di affitto, il locatore addebiter\u00e0 il 100% dell&#8217;importo totale dell&#8217;affitto.<\/li>\n<li>In caso di cancellazione, il locatore si adoperer\u00e0 per affittare nuovamente l&#8217;appartamento. In caso di successo, il locatore addebiter\u00e0 solo \u20ac100,- per i costi amministrativi e di mediazione. <\/li>\n<li>Le prenotazioni che sono state cancellate possono essere trasferite a terzi dall&#8217;inquilino solo se quest&#8217;ultimo richiede e riceve l&#8217;autorizzazione del locatore via e-mail. Il locatore pu\u00f2 rifiutare tale trasferimento senza fornire motivazioni. <\/li>\n<li>Si consiglia all&#8217;inquilino di stipulare una propria assicurazione contro l&#8217;annullamento del viaggio.<\/li>\n<li>In caso di interruzione anticipata del soggiorno, per qualsiasi motivo, l&#8217;inquilino rimane responsabile dell&#8217;intero importo dell&#8217;affitto.<\/li>\n<li>Se l&#8217;inquilino non paga la tassa di annullamento (nei tempi previsti), dopo un ultimo sollecito scritto, il credito sar\u00e0 trasferito al locatore per la riscossione, i cui costi saranno a carico dell&#8217;inquilino.<\/li>\n<li>Se la prenotazione viene effettuata tramite un&#8217;agenzia di viaggi online, si applicano le condizioni di cancellazione del sito web in questione.<\/li>\n<li>Per le prenotazioni cancellate in base a Covid-19 a seguito di un avviso di viaggio negativo emesso dal governo, si applicano le seguenti condizioni: cancellazioni fino a 3 giorni prima della data di arrivo; rimborso del 100%. Cancellazioni entro 72 ore prima dell&#8217;arrivo; costo di \u20ac 75,- (quota di restituzione dell&#8217;affitto meno \u20ac 75,-) N.B. Queste condizioni si applicano solo alle restrizioni di viaggio imposte dai governi in questione, ovvero l&#8217;Italia e il paese da cui si viaggia. <\/li>\n<\/ol>\n<p><strong>Articolo 9 &#8211; Cancellazione da parte del locatore<\/strong><\/p>\n<ol>\n<li>Se il Locatore \u00e8 costretto dalle circostanze a cancellare i Soggetti, l&#8217;Inquilino sar\u00e0 informato immediatamente e, se possibile, gli sar\u00e0 offerta un&#8217;alternativa.<\/li>\n<li>Se il Locatore non \u00e8 in grado di offrire un&#8217;alternativa o se il Conduttore non accetta l&#8217;alternativa, il Locatore rimborser\u00e0 immediatamente l&#8217;intero importo gi\u00e0 pagato dal Conduttore.<\/li>\n<li>L&#8217;affittuario non ha altro diritto se non quello di reclamare questo importo.<\/li>\n<\/ol>\n<p><strong>Articolo 10 &#8211; Responsabilit\u00e0<\/strong><\/p>\n<ol>\n<li>L&#8217;ingresso nel parco di Ecolodge Selvitelle e l&#8217;utilizzo delle strutture e degli edifici presenti nel parco di Ecolodge Selvitelle sono interamente a rischio e pericolo dell&#8217;inquilino. Ci\u00f2 vale anche per le aree del terreno in cui non sono presenti recinzioni o barriere. L&#8217;inquilino \u00e8 pienamente consapevole che l&#8217;alloggio affittato si trova su una collina in campagna. Per qualsiasi inconveniente\/rischio che possa essere correlato a ci\u00f2, il locatore\/proprietario o il gestore non possono essere ritenuti responsabili in alcun modo.   <\/li>\n<li>L&#8217;inquilino \u00e8 responsabile di tutte le perdite e\/o i danni che causa all&#8217;appartamento affittato, al suo inventario e a tutti gli oggetti che appartengono all&#8217;oggetto affittato. Questo indipendentemente dal fatto che siano il risultato di azioni o omissioni dell&#8217;inquilino o di terzi che si trovano nell&#8217;immobile affittato con il permesso dell&#8217;inquilino. <\/li>\n<li>Il locatario dovr\u00e0 segnalare immediatamente e in modo esaustivo qualsiasi danno\/perdita al locatore e verranno immediatamente presi accordi per la gestione e il risarcimento.<\/li>\n<li>I danni causati dall&#8217;uso improprio o dall&#8217;abbandono dell&#8217;oggetto affittato devono essere risarciti dall&#8217;affittuario.<\/li>\n<li>Si consiglia all&#8217;inquilino di stipulare un&#8217;assicurazione di viaggio, infortuni e responsabilit\u00e0 civile (in ogni caso) per la durata del periodo di locazione.<\/li>\n<li>Il locatore\/proprietario o gestore non \u00e8 responsabile in alcun modo per:<\/li>\n<\/ol>\n<ul>\n<li>furto, perdita, danno o lesione nel senso pi\u00f9 ampio del termine, di qualsiasi natura, durante o come risultato di un soggiorno in uno degli appartamenti di Ecolodge Selvitelle;<\/li>\n<li>incidenti nell&#8217;alloggio affittato e nell&#8217;intera propriet\u00e0; danni e\/o lesioni a seguito di violenza naturale, disastri naturali, attentati, scioperi, violenza o incidenti;<\/li>\n<li>interruzione temporanea o malfunzionamento della fornitura di acqua e\/o energia negli alloggi in affitto, lavori stradali non annunciati in anticipo e lavori di costruzione nelle immediate vicinanze di Ecolodge Selvitelle;<\/li>\n<li>la perdita temporanea di corrente rende inutilizzabili le apparecchiature elettroniche dell&#8217;inquilino;<\/li>\n<li>La mancata o parziale esecuzione del contratto di locazione in caso di forza maggiore;<\/li>\n<li>Errori evidenti o errori sul sito web di Ecolodge Selvitelle e\/o su altri mezzi di comunicazione (social) utilizzati da Ecolodge Selvitelle.<\/li>\n<\/ul>\n<p><strong>Articolo 11 &#8211; Reclami<\/strong><\/p>\n<ol>\n<li>Eventuali reclami\/errori nell&#8217;esecuzione del contratto devono essere comunicati per iscritto al locatore nel momento in cui si presentano e prima della partenza.<\/li>\n<li>Il locatore far\u00e0 ogni sforzo, per quanto in suo potere, per risolvere il reclamo in modo soddisfacente per l&#8217;inquilino o per trovare una soluzione che soddisfi sia l&#8217;inquilino che il locatore.<\/li>\n<li>Se il reclamo, in tutta ragionevolezza ed equit\u00e0, non pu\u00f2 essere risolto in modo soddisfacente, l&#8217;inquilino \u00e8 libero di andarsene. L&#8217;affitto per i giorni restanti sar\u00e0 rimborsato all&#8217;inquilino. <\/li>\n<\/ol>\n","protected":false},"excerpt":{"rendered":"<p>Termini e condizioni generali Articolo 1 &#8211; Termini introduttivi I presenti termini e condizioni generali si applicano a tutte le prenotazioni presso l&#8217;Ecolodge Selvitelle. Per locatore si intende il gestore di Ecolodge Selvitelle, rappresentato legalmente dalla signora L. Daube. Per contratto di locazione si intende il contratto con il quale il locatore si impegna nei [&hellip;]<\/p>\n","protected":false},"author":1,"featured_media":0,"parent":0,"menu_order":0,"comment_status":"closed","ping_status":"closed","template":"","meta":{"footnotes":""},"class_list":["post-5976","page","type-page","status-publish","hentry"],"yoast_head":"<!-- This site is optimized with the Yoast SEO plugin v27.5 - https:\/\/yoast.com\/product\/yoast-seo-wordpress\/ -->\n<title>Termini e condizioni generali - Ecolodge Selvitelle<\/title>\n<meta name=\"robots\" content=\"index, follow, max-snippet:-1, max-image-preview:large, max-video-preview:-1\" \/>\n<link rel=\"canonical\" href=\"https:\/\/ecolodgeselvitelle.com\/it\/termini-e-condizioni-generali\/\" \/>\n<meta property=\"og:locale\" content=\"it_IT\" \/>\n<meta property=\"og:type\" content=\"article\" \/>\n<meta property=\"og:title\" content=\"Termini e condizioni generali - Ecolodge Selvitelle\" \/>\n<meta property=\"og:description\" content=\"Termini e condizioni generali Articolo 1 &#8211; Termini introduttivi I presenti termini e condizioni generali si applicano a tutte le prenotazioni presso l&#8217;Ecolodge Selvitelle. Per locatore si intende il gestore di Ecolodge Selvitelle, rappresentato legalmente dalla signora L. Daube. Per contratto di locazione si intende il contratto con il quale il locatore si impegna nei [&hellip;]\" \/>\n<meta property=\"og:url\" content=\"https:\/\/ecolodgeselvitelle.com\/it\/termini-e-condizioni-generali\/\" \/>\n<meta property=\"og:site_name\" content=\"Ecolodge Selvitelle\" \/>\n<meta property=\"article:modified_time\" content=\"2025-03-26T10:23:43+00:00\" \/>\n<meta name=\"twitter:card\" content=\"summary_large_image\" \/>\n<meta name=\"twitter:label1\" content=\"Tempo di lettura stimato\" \/>\n\t<meta name=\"twitter:data1\" content=\"9 minuti\" \/>\n<script type=\"application\/ld+json\" class=\"yoast-schema-graph\">{\"@context\":\"https:\\\/\\\/schema.org\",\"@graph\":[{\"@type\":\"WebPage\",\"@id\":\"https:\\\/\\\/ecolodgeselvitelle.com\\\/it\\\/termini-e-condizioni-generali\\\/\",\"url\":\"https:\\\/\\\/ecolodgeselvitelle.com\\\/it\\\/termini-e-condizioni-generali\\\/\",\"name\":\"Termini e condizioni generali - Ecolodge Selvitelle\",\"isPartOf\":{\"@id\":\"https:\\\/\\\/ecolodgeselvitelle.com\\\/it\\\/#website\"},\"datePublished\":\"2025-03-20T20:15:30+00:00\",\"dateModified\":\"2025-03-26T10:23:43+00:00\",\"breadcrumb\":{\"@id\":\"https:\\\/\\\/ecolodgeselvitelle.com\\\/it\\\/termini-e-condizioni-generali\\\/#breadcrumb\"},\"inLanguage\":\"it-IT\",\"potentialAction\":[{\"@type\":\"ReadAction\",\"target\":[\"https:\\\/\\\/ecolodgeselvitelle.com\\\/it\\\/termini-e-condizioni-generali\\\/\"]}]},{\"@type\":\"BreadcrumbList\",\"@id\":\"https:\\\/\\\/ecolodgeselvitelle.com\\\/it\\\/termini-e-condizioni-generali\\\/#breadcrumb\",\"itemListElement\":[{\"@type\":\"ListItem\",\"position\":1,\"name\":\"Home\",\"item\":\"https:\\\/\\\/ecolodgeselvitelle.com\\\/it\\\/\"},{\"@type\":\"ListItem\",\"position\":2,\"name\":\"Termini e condizioni generali\"}]},{\"@type\":\"WebSite\",\"@id\":\"https:\\\/\\\/ecolodgeselvitelle.com\\\/it\\\/#website\",\"url\":\"https:\\\/\\\/ecolodgeselvitelle.com\\\/it\\\/\",\"name\":\"Ecolodge Selvitelle\",\"description\":\"\",\"potentialAction\":[{\"@type\":\"SearchAction\",\"target\":{\"@type\":\"EntryPoint\",\"urlTemplate\":\"https:\\\/\\\/ecolodgeselvitelle.com\\\/it\\\/?s={search_term_string}\"},\"query-input\":{\"@type\":\"PropertyValueSpecification\",\"valueRequired\":true,\"valueName\":\"search_term_string\"}}],\"inLanguage\":\"it-IT\"}]}<\/script>\n<!-- \/ Yoast SEO plugin. -->","yoast_head_json":{"title":"Termini e condizioni generali - Ecolodge Selvitelle","robots":{"index":"index","follow":"follow","max-snippet":"max-snippet:-1","max-image-preview":"max-image-preview:large","max-video-preview":"max-video-preview:-1"},"canonical":"https:\/\/ecolodgeselvitelle.com\/it\/termini-e-condizioni-generali\/","og_locale":"it_IT","og_type":"article","og_title":"Termini e condizioni generali - Ecolodge Selvitelle","og_description":"Termini e condizioni generali Articolo 1 &#8211; Termini introduttivi I presenti termini e condizioni generali si applicano a tutte le prenotazioni presso l&#8217;Ecolodge Selvitelle. Per locatore si intende il gestore di Ecolodge Selvitelle, rappresentato legalmente dalla signora L. Daube. Per contratto di locazione si intende il contratto con il quale il locatore si impegna nei [&hellip;]","og_url":"https:\/\/ecolodgeselvitelle.com\/it\/termini-e-condizioni-generali\/","og_site_name":"Ecolodge Selvitelle","article_modified_time":"2025-03-26T10:23:43+00:00","twitter_card":"summary_large_image","twitter_misc":{"Tempo di lettura stimato":"9 minuti"},"schema":{"@context":"https:\/\/schema.org","@graph":[{"@type":"WebPage","@id":"https:\/\/ecolodgeselvitelle.com\/it\/termini-e-condizioni-generali\/","url":"https:\/\/ecolodgeselvitelle.com\/it\/termini-e-condizioni-generali\/","name":"Termini e condizioni generali - Ecolodge Selvitelle","isPartOf":{"@id":"https:\/\/ecolodgeselvitelle.com\/it\/#website"},"datePublished":"2025-03-20T20:15:30+00:00","dateModified":"2025-03-26T10:23:43+00:00","breadcrumb":{"@id":"https:\/\/ecolodgeselvitelle.com\/it\/termini-e-condizioni-generali\/#breadcrumb"},"inLanguage":"it-IT","potentialAction":[{"@type":"ReadAction","target":["https:\/\/ecolodgeselvitelle.com\/it\/termini-e-condizioni-generali\/"]}]},{"@type":"BreadcrumbList","@id":"https:\/\/ecolodgeselvitelle.com\/it\/termini-e-condizioni-generali\/#breadcrumb","itemListElement":[{"@type":"ListItem","position":1,"name":"Home","item":"https:\/\/ecolodgeselvitelle.com\/it\/"},{"@type":"ListItem","position":2,"name":"Termini e condizioni generali"}]},{"@type":"WebSite","@id":"https:\/\/ecolodgeselvitelle.com\/it\/#website","url":"https:\/\/ecolodgeselvitelle.com\/it\/","name":"Ecolodge Selvitelle","description":"","potentialAction":[{"@type":"SearchAction","target":{"@type":"EntryPoint","urlTemplate":"https:\/\/ecolodgeselvitelle.com\/it\/?s={search_term_string}"},"query-input":{"@type":"PropertyValueSpecification","valueRequired":true,"valueName":"search_term_string"}}],"inLanguage":"it-IT"}]}},"_links":{"self":[{"href":"https:\/\/ecolodgeselvitelle.com\/it\/wp-json\/wp\/v2\/pages\/5976","targetHints":{"allow":["GET"]}}],"collection":[{"href":"https:\/\/ecolodgeselvitelle.com\/it\/wp-json\/wp\/v2\/pages"}],"about":[{"href":"https:\/\/ecolodgeselvitelle.com\/it\/wp-json\/wp\/v2\/types\/page"}],"author":[{"embeddable":true,"href":"https:\/\/ecolodgeselvitelle.com\/it\/wp-json\/wp\/v2\/users\/1"}],"replies":[{"embeddable":true,"href":"https:\/\/ecolodgeselvitelle.com\/it\/wp-json\/wp\/v2\/comments?post=5976"}],"version-history":[{"count":0,"href":"https:\/\/ecolodgeselvitelle.com\/it\/wp-json\/wp\/v2\/pages\/5976\/revisions"}],"wp:attachment":[{"href":"https:\/\/ecolodgeselvitelle.com\/it\/wp-json\/wp\/v2\/media?parent=5976"}],"curies":[{"name":"wp","href":"https:\/\/api.w.org\/{rel}","templated":true}]}}